{"id":55,"date":"2023-01-25T21:32:45","date_gmt":"2023-01-25T21:32:45","guid":{"rendered":"http:\/\/niewidzeprzeszkod.com\/?page_id=55"},"modified":"2024-01-12T20:50:30","modified_gmt":"2024-01-12T20:50:30","slug":"home","status":"publish","type":"page","link":"https:\/\/niewidzeprzeszkod.com\/","title":{"rendered":""},"content":{"rendered":"<h2><strong>Numer KRS: 0000270809<\/strong><br \/>\n<strong>Cel szczeg\u00f3\u0142owy: \u201eMAJKO, 3853\u2033<\/strong><\/h2>\n<h2>O mnie<\/h2>\n<p>Jak to si\u0119 zacz\u0119\u0142o?<\/p>\n<p>Urodzi\u0142em si\u0119 z podwichni\u0119tymi soczewkami \u2013 uci\u0105\u017cliw\u0105 wad\u0105, kt\u00f3ra jest wynikiem zerwania\/rozci\u0105gni\u0119cia wi\u0119zade\u0142ek, na kt\u00f3rych jest zawieszona soczewka. W efekcie oczy funkcjonuj\u0105 jak bezsoczewkowe powoduj\u0105c bardzo du\u017ce niedowidzenie. Niestety cz\u0119stym dodatkiem przy tego typu schorzeniach jest jaskra wt\u00f3rna, kt\u00f3r\u0105 codziennie musz\u0119 poskramia\u0107 odpowiednimi lekami obni\u017caj\u0105cymi ci\u015bnienie.<\/p>\n<p>B\u0142\u0105d lekarzy<\/p>\n<p>W 1997 roku lekarze zdecydowali si\u0119 na przeszczep soczewki prawego oka. Niestety z niejasnych dla mnie przyczyn po usuni\u0119ciu soczewki nie wszczepiono nowej. Ta decyzja doda\u0142a do d\u0142ugiej listy schorze\u0144 \u015bwiat\u0142owstr\u0119t i pozbawi\u0142a mnie komfortu noszenia okular\u00f3w prawid\u0142owo koryguj\u0105cych wzrok z powod\u00f3w czysto estetycznych. Przed zabiegiem nosi\u0142em fajne i dosy\u0107 cienkie \u201eminusy\u201d \u2013 brak soczewki w prawym oku spowodowa\u0142, \u017ce musia\u0142em je zmieni\u0107 na rzecz korekty mieszanej tj. np. -6 i +12. Niestety dzieci i m\u0142odzie\u017c s\u0105 szczere i okrutne przez co b\u0119d\u0105c 10 letnim kawalerem przesta\u0142em nosi\u0107 okulary i zacz\u0105\u0142em skupia\u0107 si\u0119 na orientacji przestrzennej i interpretacji otoczenia co funkcjonowa\u0142o ca\u0142kiem dobrze przy poruszaniu si\u0119 w dzie\u0144 po okolicy \u2013 gorzej by\u0142o ze szko\u0142\u0105 \u2013 niestety pierwsza \u0142awka by\u0142a zawsze za daleko. Z pomoc\u0105 przysz\u0142y obrzydliwie drogie roczne soczewki kontaktowe \u2013 niestety w tym czasie m\u00f3zg ju\u017c zd\u0105\u017cy\u0142 \u201eodrzuci\u0107\u201d prawe oko i mimo wielu lat rehabilitacji, kt\u00f3r\u0105 zacz\u0105\u0142em praktycznie od razu po zabiegu nie uda\u0142o si\u0119 przywr\u00f3ci\u0107 widzenia obuocznego.<\/p>\n<p>Nie dajemy si\u0119<\/p>\n<p>Uko\u0144czy\u0142em liceum dla os\u00f3b s\u0142abowidz\u0105cych i niewidomych im. L. Braille\u2019a w Bydgoszczy z ca\u0142kiem dobrym wynikiem.<\/p>\n<p>Dzi\u0119ki ogromnej pomocy kolegi ze studi\u00f3w, kt\u00f3ry zawsze znajdowa\u0142 czas \u017ceby wyt\u0142umaczy\u0107 mi wszystko czego nie by\u0142em w stanie zobaczy\u0107 na tablicy (dzi\u0119ki Micha\u0142!) zdoby\u0142em tytu\u0142 licencjata na wydziale Matematyki, Fizyki i Informatyki Uniwersytetu Gda\u0144skiego \u2013 kierunek Informatyka. Nie chwal\u0105c si\u0119 uda\u0142o mi si\u0119 nawet zdoby\u0107 stypendium za dobre wyniki w nauce.<\/p>\n<p>Przez lata pracowa\u0142em w fundacjach dzia\u0142aj\u0105cych w zakresie pomocy osobom niepe\u0142nosprawnych. Od poradnictwa przez szkolenia z obs\u0142ugi komputera przy u\u017cyciu sprz\u0119tu specjalistycznego. Uda\u0142o mi si\u0119 wyda\u0107 pare publikacji, dostosowa\u0107 do potrzeb os\u00f3b niewidomych i s\u0142abowidz\u0105cych par\u0119 gda\u0144skich muze\u00f3w. Jednak po latach pracy w organizacjach pozarz\u0105dowych osiedli\u0142em si\u0119 w dzia\u0142ach administracji prywatnych tr\u00f3jmiejskich firm co z pewno\u015bci\u0105 jest o wiele bardziej stabiln\u0105 form\u0105 zatrudnienia. Ci\u0105gle t\u0119skni\u0119 za mo\u017cliwo\u015bciami i rozwojem, kt\u00f3re nios\u0142a za sob\u0105 praca w NGO \u2013 mo\u017ce kiedy\u015b?<\/p>\n<h2>Jak pom\u00f3c?<\/h2>\n<p>Doceniaj\u0105c fakt ch\u0119ci pomocy staram si\u0119 wszystkim darczy\u0144com zminimalizowa\u0107 trudno\u015bci w procesie przekazania darowizny udost\u0119pniaj\u0105c wiele mo\u017cliwo\u015bci.<\/p>\n<h2>1,5 procent podatku<\/h2>\n<p>Krok 1.<br \/>\nOblicz podatek nale\u017cy wobec Urz\u0119du Skarbowego, wype\u0142niaj\u0105c zeznanie PIT (np. PIT-28, PIT-36, PIT-36L, PIT-37, PIT-38). Klikaj\u0105c na przycisk mo\u017cesz skorzysta\u0107 z darmowego programu Fundacji AVALON.<\/p>\n<p>Krok 2.<br \/>\nWype\u0142nij rubryk\u0119 WNIOSEK O PRZEKAZANIE 1,5 PROCENT PODATKU NALE\u017bNEGO NA RZECZ ORGANIZACJI PO\u017bYTKU PUBLICZNEGO (OPP). W tej rubryce wpisz nast\u0119puj\u0105ce dane:<\/p>\n<p><strong>Numer KRS: 0000270809<\/strong><br \/>\n<strong>Wnioskowana kwota \u2013 kwota, kt\u00f3r\u0105 chcemy przekaza\u0107 na rzecz organizacji, wnioskowana kwota nie mo\u017ce przekracza\u0107 1,5 procent kwoty podatku nale\u017cnego, po zaokr\u0105gleniu do pe\u0142nych dziesi\u0105tek groszy w d\u00f3\u0142.<\/strong><br \/>\n<strong>Cel szczeg\u00f3\u0142owy: \u201eMAJKO, 3853\u2033<\/strong><\/p>\n<p>(UWAGA! w przypadku omini\u0119cia pola \u015brodki nie zostan\u0105 przekazane),<\/p>\n<h2><a href=\"http:\/\/darowizny\">Darowizny<\/a><\/h2>\n<p>Darowizn\u0119 mo\u017ce wp\u0142aci\u0107 ka\u017cda osoba, w dowolnym momencie, tak\u017ce z zagranicy. Przekazan\u0105 darowizn\u0119 mo\u017cna odliczy\u0107 od podatku.\u00a0 Nale\u017cy po prostu dokona\u0107 przelewu bankowego (mo\u017ce by\u0107 przelew internetowy) lub wp\u0142aty na poczcie:<\/p>\n<p>Nazwa odbiorcy:<br \/>\nFundacja Avalon<br \/>\nMicha\u0142a Kajki 80\/82 lok. 1<br \/>\n04-620 Warszawa<br \/>\nRachunek bankowy: 62 1600 1286 0003 0031 8642 6001<br \/>\nTytu\u0142 wp\u0142aty: \u201eMAJKO, 3853\u201d<\/p>\n<p>(UWAGA! Wy\u0142\u0105cznie przelew z poprawnymi danymi zostanie zaksi\u0119gowany)<\/p>\n","protected":false},"excerpt":{"rendered":"<p>Numer KRS: 0000270809 Cel szczeg\u00f3\u0142owy: \u201eMAJKO, 3853\u2033 O mnie Jak to si\u0119 zacz\u0119\u0142o? Urodzi\u0142em si\u0119 z podwichni\u0119tymi soczewkami \u2013 uci\u0105\u017cliw\u0105 wad\u0105, kt\u00f3ra jest wynikiem zerwania\/rozci\u0105gni\u0119cia wi\u0119zade\u0142ek, na kt\u00f3rych jest zawieszona soczewka. W efekcie oczy funkcjonuj\u0105 jak bezsoczewkowe powoduj\u0105c bardzo du\u017ce niedowidzenie. Niestety cz\u0119stym dodatkiem przy tego typu schorzeniach jest jaskra wt\u00f3rna, kt\u00f3r\u0105 codziennie musz\u0119 poskramia\u0107 [&hellip;]<\/p>\n","protected":false},"author":1,"featured_media":0,"parent":0,"menu_order":0,"comment_status":"closed","ping_status":"closed","template":"","meta":{"footnotes":""},"class_list":["post-55","page","type-page","status-publish","hentry"],"yoast_head":"<!-- This site is optimized with the Yoast SEO plugin v27.4 - https:\/\/yoast.com\/product\/yoast-seo-wordpress\/ -->\n<title>- Nie widz\u0119 przeszk&oacute;d | Przeka\u017c 1,5 procent podatku!<\/title>\n<meta name=\"robots\" content=\"index, follow, max-snippet:-1, max-image-preview:large, max-video-preview:-1\" \/>\n<link rel=\"canonical\" href=\"https:\/\/niewidzeprzeszkod.com\/\" \/>\n<meta property=\"og:locale\" content=\"pl_PL\" \/>\n<meta property=\"og:type\" content=\"article\" \/>\n<meta property=\"og:title\" content=\"- Nie widz\u0119 przeszk&oacute;d | Przeka\u017c 1,5 procent podatku!\" \/>\n<meta property=\"og:description\" content=\"Numer KRS: 0000270809 Cel szczeg\u00f3\u0142owy: \u201eMAJKO, 3853\u2033 O mnie Jak to si\u0119 zacz\u0119\u0142o? Urodzi\u0142em si\u0119 z podwichni\u0119tymi soczewkami \u2013 uci\u0105\u017cliw\u0105 wad\u0105, kt\u00f3ra jest wynikiem zerwania\/rozci\u0105gni\u0119cia wi\u0119zade\u0142ek, na kt\u00f3rych jest zawieszona soczewka. W efekcie oczy funkcjonuj\u0105 jak bezsoczewkowe powoduj\u0105c bardzo du\u017ce niedowidzenie. Niestety cz\u0119stym dodatkiem przy tego typu schorzeniach jest jaskra wt\u00f3rna, kt\u00f3r\u0105 codziennie musz\u0119 poskramia\u0107 [&hellip;]\" \/>\n<meta property=\"og:url\" content=\"https:\/\/niewidzeprzeszkod.com\/\" \/>\n<meta property=\"og:site_name\" content=\"Nie widz\u0119 przeszk&oacute;d | Przeka\u017c 1,5 procent podatku!\" \/>\n<meta property=\"article:modified_time\" content=\"2024-01-12T20:50:30+00:00\" \/>\n<meta name=\"twitter:card\" content=\"summary_large_image\" \/>\n<meta name=\"twitter:label1\" content=\"Szacowany czas czytania\" \/>\n\t<meta name=\"twitter:data1\" content=\"4 minuty\" \/>\n<script type=\"application\/ld+json\" class=\"yoast-schema-graph\">{\"@context\":\"https:\\\/\\\/schema.org\",\"@graph\":[{\"@type\":\"WebPage\",\"@id\":\"https:\\\/\\\/niewidzeprzeszkod.com\\\/\",\"url\":\"https:\\\/\\\/niewidzeprzeszkod.com\\\/\",\"name\":\"- Nie widz\u0119 przeszk&oacute;d | Przeka\u017c 1,5 procent podatku!\",\"isPartOf\":{\"@id\":\"https:\\\/\\\/niewidzeprzeszkod.com\\\/#website\"},\"datePublished\":\"2023-01-25T21:32:45+00:00\",\"dateModified\":\"2024-01-12T20:50:30+00:00\",\"inLanguage\":\"pl-PL\",\"potentialAction\":[{\"@type\":\"ReadAction\",\"target\":[\"https:\\\/\\\/niewidzeprzeszkod.com\\\/\"]}]},{\"@type\":\"WebSite\",\"@id\":\"https:\\\/\\\/niewidzeprzeszkod.com\\\/#website\",\"url\":\"https:\\\/\\\/niewidzeprzeszkod.com\\\/\",\"name\":\"Nie widz\u0119 przeszk&oacute;d | Przeka\u017c 1,5 procent podatku!\",\"description\":\"Przeka\u017c 1,5 procent podatku!\",\"publisher\":{\"@id\":\"https:\\\/\\\/niewidzeprzeszkod.com\\\/#organization\"},\"potentialAction\":[{\"@type\":\"SearchAction\",\"target\":{\"@type\":\"EntryPoint\",\"urlTemplate\":\"https:\\\/\\\/niewidzeprzeszkod.com\\\/?s={search_term_string}\"},\"query-input\":{\"@type\":\"PropertyValueSpecification\",\"valueRequired\":true,\"valueName\":\"search_term_string\"}}],\"inLanguage\":\"pl-PL\"},{\"@type\":\"Organization\",\"@id\":\"https:\\\/\\\/niewidzeprzeszkod.com\\\/#organization\",\"name\":\"Nie widz\u0119 przeszk&oacute;d | Przeka\u017c 1,5 procent podatku!\",\"url\":\"https:\\\/\\\/niewidzeprzeszkod.com\\\/\",\"logo\":{\"@type\":\"ImageObject\",\"inLanguage\":\"pl-PL\",\"@id\":\"https:\\\/\\\/niewidzeprzeszkod.com\\\/#\\\/schema\\\/logo\\\/image\\\/\",\"url\":\"https:\\\/\\\/niewidzeprzeszkod.com\\\/wp-content\\\/uploads\\\/2023\\\/01\\\/1_5_procent_logo.png\",\"contentUrl\":\"https:\\\/\\\/niewidzeprzeszkod.com\\\/wp-content\\\/uploads\\\/2023\\\/01\\\/1_5_procent_logo.png\",\"width\":280,\"height\":147,\"caption\":\"Nie widz\u0119 przeszk&oacute;d | Przeka\u017c 1,5 procent podatku!\"},\"image\":{\"@id\":\"https:\\\/\\\/niewidzeprzeszkod.com\\\/#\\\/schema\\\/logo\\\/image\\\/\"}}]}<\/script>\n<!-- \/ Yoast SEO plugin. -->","yoast_head_json":{"title":"- Nie widz\u0119 przeszk&oacute;d | Przeka\u017c 1,5 procent podatku!","robots":{"index":"index","follow":"follow","max-snippet":"max-snippet:-1","max-image-preview":"max-image-preview:large","max-video-preview":"max-video-preview:-1"},"canonical":"https:\/\/niewidzeprzeszkod.com\/","og_locale":"pl_PL","og_type":"article","og_title":"- Nie widz\u0119 przeszk&oacute;d | Przeka\u017c 1,5 procent podatku!","og_description":"Numer KRS: 0000270809 Cel szczeg\u00f3\u0142owy: \u201eMAJKO, 3853\u2033 O mnie Jak to si\u0119 zacz\u0119\u0142o? Urodzi\u0142em si\u0119 z podwichni\u0119tymi soczewkami \u2013 uci\u0105\u017cliw\u0105 wad\u0105, kt\u00f3ra jest wynikiem zerwania\/rozci\u0105gni\u0119cia wi\u0119zade\u0142ek, na kt\u00f3rych jest zawieszona soczewka. W efekcie oczy funkcjonuj\u0105 jak bezsoczewkowe powoduj\u0105c bardzo du\u017ce niedowidzenie. Niestety cz\u0119stym dodatkiem przy tego typu schorzeniach jest jaskra wt\u00f3rna, kt\u00f3r\u0105 codziennie musz\u0119 poskramia\u0107 [&hellip;]","og_url":"https:\/\/niewidzeprzeszkod.com\/","og_site_name":"Nie widz\u0119 przeszk&oacute;d | Przeka\u017c 1,5 procent podatku!","article_modified_time":"2024-01-12T20:50:30+00:00","twitter_card":"summary_large_image","twitter_misc":{"Szacowany czas czytania":"4 minuty"},"schema":{"@context":"https:\/\/schema.org","@graph":[{"@type":"WebPage","@id":"https:\/\/niewidzeprzeszkod.com\/","url":"https:\/\/niewidzeprzeszkod.com\/","name":"- Nie widz\u0119 przeszk&oacute;d | Przeka\u017c 1,5 procent podatku!","isPartOf":{"@id":"https:\/\/niewidzeprzeszkod.com\/#website"},"datePublished":"2023-01-25T21:32:45+00:00","dateModified":"2024-01-12T20:50:30+00:00","inLanguage":"pl-PL","potentialAction":[{"@type":"ReadAction","target":["https:\/\/niewidzeprzeszkod.com\/"]}]},{"@type":"WebSite","@id":"https:\/\/niewidzeprzeszkod.com\/#website","url":"https:\/\/niewidzeprzeszkod.com\/","name":"Nie widz\u0119 przeszk&oacute;d | Przeka\u017c 1,5 procent podatku!","description":"Przeka\u017c 1,5 procent podatku!","publisher":{"@id":"https:\/\/niewidzeprzeszkod.com\/#organization"},"potentialAction":[{"@type":"SearchAction","target":{"@type":"EntryPoint","urlTemplate":"https:\/\/niewidzeprzeszkod.com\/?s={search_term_string}"},"query-input":{"@type":"PropertyValueSpecification","valueRequired":true,"valueName":"search_term_string"}}],"inLanguage":"pl-PL"},{"@type":"Organization","@id":"https:\/\/niewidzeprzeszkod.com\/#organization","name":"Nie widz\u0119 przeszk&oacute;d | Przeka\u017c 1,5 procent podatku!","url":"https:\/\/niewidzeprzeszkod.com\/","logo":{"@type":"ImageObject","inLanguage":"pl-PL","@id":"https:\/\/niewidzeprzeszkod.com\/#\/schema\/logo\/image\/","url":"https:\/\/niewidzeprzeszkod.com\/wp-content\/uploads\/2023\/01\/1_5_procent_logo.png","contentUrl":"https:\/\/niewidzeprzeszkod.com\/wp-content\/uploads\/2023\/01\/1_5_procent_logo.png","width":280,"height":147,"caption":"Nie widz\u0119 przeszk&oacute;d | Przeka\u017c 1,5 procent podatku!"},"image":{"@id":"https:\/\/niewidzeprzeszkod.com\/#\/schema\/logo\/image\/"}}]}},"_links":{"self":[{"href":"https:\/\/niewidzeprzeszkod.com\/index.php?rest_route=\/wp\/v2\/pages\/55","targetHints":{"allow":["GET"]}}],"collection":[{"href":"https:\/\/niewidzeprzeszkod.com\/index.php?rest_route=\/wp\/v2\/pages"}],"about":[{"href":"https:\/\/niewidzeprzeszkod.com\/index.php?rest_route=\/wp\/v2\/types\/page"}],"author":[{"embeddable":true,"href":"https:\/\/niewidzeprzeszkod.com\/index.php?rest_route=\/wp\/v2\/users\/1"}],"replies":[{"embeddable":true,"href":"https:\/\/niewidzeprzeszkod.com\/index.php?rest_route=%2Fwp%2Fv2%2Fcomments&post=55"}],"version-history":[{"count":87,"href":"https:\/\/niewidzeprzeszkod.com\/index.php?rest_route=\/wp\/v2\/pages\/55\/revisions"}],"predecessor-version":[{"id":152,"href":"https:\/\/niewidzeprzeszkod.com\/index.php?rest_route=\/wp\/v2\/pages\/55\/revisions\/152"}],"wp:attachment":[{"href":"https:\/\/niewidzeprzeszkod.com\/index.php?rest_route=%2Fwp%2Fv2%2Fmedia&parent=55"}],"curies":[{"name":"wp","href":"https:\/\/api.w.org\/{rel}","templated":true}]}}